{"id":29,"date":"2020-09-17T11:12:45","date_gmt":"2020-09-17T11:12:45","guid":{"rendered":"https:\/\/modeldesign.ee\/?page_id=29"},"modified":"2026-01-13T19:19:02","modified_gmt":"2026-01-13T19:19:02","slug":"ehituslik-projekteerimine","status":"publish","type":"page","link":"https:\/\/modeldesign.ee\/en\/","title":{"rendered":""},"content":{"rendered":"<h2 class=\"wp-block-heading has-text-align-left has-medium-font-size\" style=\"text-transform:uppercase\">Services<\/h2>\n\n\n\n<p class=\"has-text-align-left\">Structural engineering that supports the entire construction process.<\/p>\n\n\n\n<p>Model Design O\u00dc is a structural engineering practice supporting clients and project teams in delivering complex projects from design to construction.<br>Our focus is not just on drawings, but <strong>on structures that work in real construction<\/strong>.<\/p>\n\n\n\n<p><em>A reliable partner for complex projects.<\/em><\/p>\n\n\n\n<p><strong>Our services<\/strong><\/p>\n\n\n\n<ul class=\"wp-block-list\">\n<li>Structural design (preliminary, basic and working design, workshop drawings)<\/li>\n\n\n\n<li>Structural reconstruction and strengthening<\/li>\n\n\n\n<li>Engineering consultancy<\/li>\n\n\n\n<li>Cooperation with architects and general contractors<\/li>\n\n\n\n<li>Author\u2019s supervision (upon agreement)<\/li>\n<\/ul>\n\n\n\n<p class=\"has-text-align-left\">All services are provided in compliance with applicable standards and agreed project scope.<\/p>\n\n\n\n<div style=\"height:10px\" aria-hidden=\"true\" class=\"wp-block-spacer\"><\/div>\n\n\n\n<h2 class=\"wp-block-heading has-medium-font-size\" style=\"text-transform:uppercase\">Projects<\/h2>\n\n\n\n<div class=\"wp-block-columns is-layout-flex wp-container-core-columns-is-layout-9d6595d7 wp-block-columns-is-layout-flex\">\n<div class=\"wp-block-column is-layout-flow wp-block-column-is-layout-flow\" style=\"flex-basis:150%\">\n<div class=\"wp-block-group\"><div class=\"wp-block-group__inner-container is-layout-constrained wp-block-group-is-layout-constrained\">\n<figure class=\"wp-block-gallery has-nested-images columns-2 is-cropped wp-block-gallery-1 is-layout-flex wp-block-gallery-is-layout-flex\">\n<figure class=\"wp-block-image size-large\"><img loading=\"lazy\" decoding=\"async\" width=\"1024\" height=\"470\" data-id=\"188\" src=\"https:\/\/modeldesign.ee\/wp-content\/uploads\/2023\/10\/Screenshot-2023-10-27-at-13.28.52-1-1024x470.png\" alt=\"\" class=\"wp-image-188\" srcset=\"https:\/\/modeldesign.ee\/wp-content\/uploads\/2023\/10\/Screenshot-2023-10-27-at-13.28.52-1-1024x470.png 1024w, https:\/\/modeldesign.ee\/wp-content\/uploads\/2023\/10\/Screenshot-2023-10-27-at-13.28.52-1-300x138.png 300w, https:\/\/modeldesign.ee\/wp-content\/uploads\/2023\/10\/Screenshot-2023-10-27-at-13.28.52-1-768x353.png 768w, https:\/\/modeldesign.ee\/wp-content\/uploads\/2023\/10\/Screenshot-2023-10-27-at-13.28.52-1-1536x706.png 1536w, https:\/\/modeldesign.ee\/wp-content\/uploads\/2023\/10\/Screenshot-2023-10-27-at-13.28.52-1-18x8.png 18w, https:\/\/modeldesign.ee\/wp-content\/uploads\/2023\/10\/Screenshot-2023-10-27-at-13.28.52-1-830x381.png 830w, https:\/\/modeldesign.ee\/wp-content\/uploads\/2023\/10\/Screenshot-2023-10-27-at-13.28.52-1-230x106.png 230w, https:\/\/modeldesign.ee\/wp-content\/uploads\/2023\/10\/Screenshot-2023-10-27-at-13.28.52-1-350x161.png 350w, https:\/\/modeldesign.ee\/wp-content\/uploads\/2023\/10\/Screenshot-2023-10-27-at-13.28.52-1-480x220.png 480w, https:\/\/modeldesign.ee\/wp-content\/uploads\/2023\/10\/Screenshot-2023-10-27-at-13.28.52-1.png 1598w\" sizes=\"auto, (max-width: 1024px) 100vw, 1024px\" \/><\/figure>\n\n\n\n<figure class=\"wp-block-image size-large\"><img loading=\"lazy\" decoding=\"async\" width=\"1024\" height=\"564\" data-id=\"207\" src=\"https:\/\/modeldesign.ee\/wp-content\/uploads\/2023\/10\/Screenshot-2023-10-27-at-13.29.24-1-1024x564.png\" alt=\"\" class=\"wp-image-207\" srcset=\"https:\/\/modeldesign.ee\/wp-content\/uploads\/2023\/10\/Screenshot-2023-10-27-at-13.29.24-1-1024x564.png 1024w, https:\/\/modeldesign.ee\/wp-content\/uploads\/2023\/10\/Screenshot-2023-10-27-at-13.29.24-1-300x165.png 300w, https:\/\/modeldesign.ee\/wp-content\/uploads\/2023\/10\/Screenshot-2023-10-27-at-13.29.24-1-768x423.png 768w, https:\/\/modeldesign.ee\/wp-content\/uploads\/2023\/10\/Screenshot-2023-10-27-at-13.29.24-1-1536x846.png 1536w, https:\/\/modeldesign.ee\/wp-content\/uploads\/2023\/10\/Screenshot-2023-10-27-at-13.29.24-1-18x10.png 18w, https:\/\/modeldesign.ee\/wp-content\/uploads\/2023\/10\/Screenshot-2023-10-27-at-13.29.24-1-830x457.png 830w, https:\/\/modeldesign.ee\/wp-content\/uploads\/2023\/10\/Screenshot-2023-10-27-at-13.29.24-1-230x127.png 230w, https:\/\/modeldesign.ee\/wp-content\/uploads\/2023\/10\/Screenshot-2023-10-27-at-13.29.24-1-350x193.png 350w, https:\/\/modeldesign.ee\/wp-content\/uploads\/2023\/10\/Screenshot-2023-10-27-at-13.29.24-1-480x264.png 480w, https:\/\/modeldesign.ee\/wp-content\/uploads\/2023\/10\/Screenshot-2023-10-27-at-13.29.24-1.png 1594w\" sizes=\"auto, (max-width: 1024px) 100vw, 1024px\" \/><\/figure>\n\n\n\n<figure class=\"wp-block-image size-large\"><img loading=\"lazy\" decoding=\"async\" width=\"1024\" height=\"487\" data-id=\"187\" src=\"https:\/\/modeldesign.ee\/wp-content\/uploads\/2023\/10\/Screenshot-2023-10-27-at-13.29.14-1024x487.png\" alt=\"\" class=\"wp-image-187\" srcset=\"https:\/\/modeldesign.ee\/wp-content\/uploads\/2023\/10\/Screenshot-2023-10-27-at-13.29.14-1024x487.png 1024w, https:\/\/modeldesign.ee\/wp-content\/uploads\/2023\/10\/Screenshot-2023-10-27-at-13.29.14-300x143.png 300w, https:\/\/modeldesign.ee\/wp-content\/uploads\/2023\/10\/Screenshot-2023-10-27-at-13.29.14-768x365.png 768w, https:\/\/modeldesign.ee\/wp-content\/uploads\/2023\/10\/Screenshot-2023-10-27-at-13.29.14-1536x730.png 1536w, https:\/\/modeldesign.ee\/wp-content\/uploads\/2023\/10\/Screenshot-2023-10-27-at-13.29.14-18x9.png 18w, https:\/\/modeldesign.ee\/wp-content\/uploads\/2023\/10\/Screenshot-2023-10-27-at-13.29.14-830x395.png 830w, https:\/\/modeldesign.ee\/wp-content\/uploads\/2023\/10\/Screenshot-2023-10-27-at-13.29.14-230x109.png 230w, https:\/\/modeldesign.ee\/wp-content\/uploads\/2023\/10\/Screenshot-2023-10-27-at-13.29.14-350x166.png 350w, https:\/\/modeldesign.ee\/wp-content\/uploads\/2023\/10\/Screenshot-2023-10-27-at-13.29.14-480x228.png 480w, https:\/\/modeldesign.ee\/wp-content\/uploads\/2023\/10\/Screenshot-2023-10-27-at-13.29.14.png 1548w\" sizes=\"auto, (max-width: 1024px) 100vw, 1024px\" \/><\/figure>\n\n\n\n<figure class=\"wp-block-image size-large\"><img loading=\"lazy\" decoding=\"async\" width=\"1024\" height=\"450\" data-id=\"206\" src=\"https:\/\/modeldesign.ee\/wp-content\/uploads\/2023\/10\/Screenshot-2023-10-27-at-13.29.02-2-1024x450.png\" alt=\"\" class=\"wp-image-206\" srcset=\"https:\/\/modeldesign.ee\/wp-content\/uploads\/2023\/10\/Screenshot-2023-10-27-at-13.29.02-2-1024x450.png 1024w, https:\/\/modeldesign.ee\/wp-content\/uploads\/2023\/10\/Screenshot-2023-10-27-at-13.29.02-2-300x132.png 300w, https:\/\/modeldesign.ee\/wp-content\/uploads\/2023\/10\/Screenshot-2023-10-27-at-13.29.02-2-768x337.png 768w, https:\/\/modeldesign.ee\/wp-content\/uploads\/2023\/10\/Screenshot-2023-10-27-at-13.29.02-2-1536x674.png 1536w, https:\/\/modeldesign.ee\/wp-content\/uploads\/2023\/10\/Screenshot-2023-10-27-at-13.29.02-2-18x8.png 18w, https:\/\/modeldesign.ee\/wp-content\/uploads\/2023\/10\/Screenshot-2023-10-27-at-13.29.02-2-830x364.png 830w, https:\/\/modeldesign.ee\/wp-content\/uploads\/2023\/10\/Screenshot-2023-10-27-at-13.29.02-2-230x101.png 230w, https:\/\/modeldesign.ee\/wp-content\/uploads\/2023\/10\/Screenshot-2023-10-27-at-13.29.02-2-350x154.png 350w, https:\/\/modeldesign.ee\/wp-content\/uploads\/2023\/10\/Screenshot-2023-10-27-at-13.29.02-2-480x211.png 480w, https:\/\/modeldesign.ee\/wp-content\/uploads\/2023\/10\/Screenshot-2023-10-27-at-13.29.02-2.png 1590w\" sizes=\"auto, (max-width: 1024px) 100vw, 1024px\" \/><\/figure>\n\n\n\n<figure class=\"wp-block-image size-large\"><img loading=\"lazy\" decoding=\"async\" width=\"1024\" height=\"567\" data-id=\"186\" src=\"https:\/\/modeldesign.ee\/wp-content\/uploads\/2023\/10\/Screenshot-2023-10-27-at-13.30.00-1024x567.png\" alt=\"\" class=\"wp-image-186\" srcset=\"https:\/\/modeldesign.ee\/wp-content\/uploads\/2023\/10\/Screenshot-2023-10-27-at-13.30.00-1024x567.png 1024w, https:\/\/modeldesign.ee\/wp-content\/uploads\/2023\/10\/Screenshot-2023-10-27-at-13.30.00-300x166.png 300w, https:\/\/modeldesign.ee\/wp-content\/uploads\/2023\/10\/Screenshot-2023-10-27-at-13.30.00-768x425.png 768w, https:\/\/modeldesign.ee\/wp-content\/uploads\/2023\/10\/Screenshot-2023-10-27-at-13.30.00-1536x851.png 1536w, https:\/\/modeldesign.ee\/wp-content\/uploads\/2023\/10\/Screenshot-2023-10-27-at-13.30.00-18x10.png 18w, https:\/\/modeldesign.ee\/wp-content\/uploads\/2023\/10\/Screenshot-2023-10-27-at-13.30.00-830x460.png 830w, https:\/\/modeldesign.ee\/wp-content\/uploads\/2023\/10\/Screenshot-2023-10-27-at-13.30.00-230x127.png 230w, https:\/\/modeldesign.ee\/wp-content\/uploads\/2023\/10\/Screenshot-2023-10-27-at-13.30.00-350x194.png 350w, https:\/\/modeldesign.ee\/wp-content\/uploads\/2023\/10\/Screenshot-2023-10-27-at-13.30.00-480x266.png 480w, https:\/\/modeldesign.ee\/wp-content\/uploads\/2023\/10\/Screenshot-2023-10-27-at-13.30.00.png 1592w\" sizes=\"auto, (max-width: 1024px) 100vw, 1024px\" \/><\/figure>\n\n\n\n<figure class=\"wp-block-image size-large\"><img loading=\"lazy\" decoding=\"async\" width=\"1024\" height=\"529\" data-id=\"189\" src=\"https:\/\/modeldesign.ee\/wp-content\/uploads\/2023\/10\/Screenshot-2023-10-27-at-13.30.16-1024x529.png\" alt=\"\" class=\"wp-image-189\" srcset=\"https:\/\/modeldesign.ee\/wp-content\/uploads\/2023\/10\/Screenshot-2023-10-27-at-13.30.16-1024x529.png 1024w, https:\/\/modeldesign.ee\/wp-content\/uploads\/2023\/10\/Screenshot-2023-10-27-at-13.30.16-300x155.png 300w, https:\/\/modeldesign.ee\/wp-content\/uploads\/2023\/10\/Screenshot-2023-10-27-at-13.30.16-768x397.png 768w, https:\/\/modeldesign.ee\/wp-content\/uploads\/2023\/10\/Screenshot-2023-10-27-at-13.30.16-1536x794.png 1536w, https:\/\/modeldesign.ee\/wp-content\/uploads\/2023\/10\/Screenshot-2023-10-27-at-13.30.16-18x9.png 18w, https:\/\/modeldesign.ee\/wp-content\/uploads\/2023\/10\/Screenshot-2023-10-27-at-13.30.16-830x429.png 830w, https:\/\/modeldesign.ee\/wp-content\/uploads\/2023\/10\/Screenshot-2023-10-27-at-13.30.16-230x119.png 230w, https:\/\/modeldesign.ee\/wp-content\/uploads\/2023\/10\/Screenshot-2023-10-27-at-13.30.16-350x181.png 350w, https:\/\/modeldesign.ee\/wp-content\/uploads\/2023\/10\/Screenshot-2023-10-27-at-13.30.16-480x248.png 480w, https:\/\/modeldesign.ee\/wp-content\/uploads\/2023\/10\/Screenshot-2023-10-27-at-13.30.16.png 1590w\" sizes=\"auto, (max-width: 1024px) 100vw, 1024px\" \/><\/figure>\n\n\n\n<figure class=\"wp-block-image size-large\"><img loading=\"lazy\" decoding=\"async\" width=\"1024\" height=\"645\" data-id=\"192\" src=\"https:\/\/modeldesign.ee\/wp-content\/uploads\/2023\/10\/Screenshot-2023-10-27-at-13.30.32-1024x645.png\" alt=\"\" class=\"wp-image-192\" srcset=\"https:\/\/modeldesign.ee\/wp-content\/uploads\/2023\/10\/Screenshot-2023-10-27-at-13.30.32-1024x645.png 1024w, https:\/\/modeldesign.ee\/wp-content\/uploads\/2023\/10\/Screenshot-2023-10-27-at-13.30.32-300x189.png 300w, https:\/\/modeldesign.ee\/wp-content\/uploads\/2023\/10\/Screenshot-2023-10-27-at-13.30.32-768x483.png 768w, https:\/\/modeldesign.ee\/wp-content\/uploads\/2023\/10\/Screenshot-2023-10-27-at-13.30.32-1536x967.png 1536w, https:\/\/modeldesign.ee\/wp-content\/uploads\/2023\/10\/Screenshot-2023-10-27-at-13.30.32-18x12.png 18w, https:\/\/modeldesign.ee\/wp-content\/uploads\/2023\/10\/Screenshot-2023-10-27-at-13.30.32-830x522.png 830w, https:\/\/modeldesign.ee\/wp-content\/uploads\/2023\/10\/Screenshot-2023-10-27-at-13.30.32-230x145.png 230w, https:\/\/modeldesign.ee\/wp-content\/uploads\/2023\/10\/Screenshot-2023-10-27-at-13.30.32-350x220.png 350w, https:\/\/modeldesign.ee\/wp-content\/uploads\/2023\/10\/Screenshot-2023-10-27-at-13.30.32-480x302.png 480w, https:\/\/modeldesign.ee\/wp-content\/uploads\/2023\/10\/Screenshot-2023-10-27-at-13.30.32.png 1592w\" sizes=\"auto, (max-width: 1024px) 100vw, 1024px\" \/><\/figure>\n\n\n\n<figure class=\"wp-block-image size-large\"><img loading=\"lazy\" decoding=\"async\" width=\"1024\" height=\"468\" data-id=\"191\" src=\"https:\/\/modeldesign.ee\/wp-content\/uploads\/2023\/10\/Screenshot-2023-10-27-at-13.30.48-1024x468.png\" alt=\"\" class=\"wp-image-191\" srcset=\"https:\/\/modeldesign.ee\/wp-content\/uploads\/2023\/10\/Screenshot-2023-10-27-at-13.30.48-1024x468.png 1024w, https:\/\/modeldesign.ee\/wp-content\/uploads\/2023\/10\/Screenshot-2023-10-27-at-13.30.48-300x137.png 300w, https:\/\/modeldesign.ee\/wp-content\/uploads\/2023\/10\/Screenshot-2023-10-27-at-13.30.48-768x351.png 768w, https:\/\/modeldesign.ee\/wp-content\/uploads\/2023\/10\/Screenshot-2023-10-27-at-13.30.48-1536x702.png 1536w, https:\/\/modeldesign.ee\/wp-content\/uploads\/2023\/10\/Screenshot-2023-10-27-at-13.30.48-18x8.png 18w, https:\/\/modeldesign.ee\/wp-content\/uploads\/2023\/10\/Screenshot-2023-10-27-at-13.30.48-830x379.png 830w, https:\/\/modeldesign.ee\/wp-content\/uploads\/2023\/10\/Screenshot-2023-10-27-at-13.30.48-230x105.png 230w, https:\/\/modeldesign.ee\/wp-content\/uploads\/2023\/10\/Screenshot-2023-10-27-at-13.30.48-350x160.png 350w, https:\/\/modeldesign.ee\/wp-content\/uploads\/2023\/10\/Screenshot-2023-10-27-at-13.30.48-480x219.png 480w, https:\/\/modeldesign.ee\/wp-content\/uploads\/2023\/10\/Screenshot-2023-10-27-at-13.30.48.png 1588w\" sizes=\"auto, (max-width: 1024px) 100vw, 1024px\" \/><\/figure>\n\n\n\n<figure class=\"wp-block-image size-large\"><img loading=\"lazy\" decoding=\"async\" width=\"1024\" height=\"467\" data-id=\"193\" src=\"https:\/\/modeldesign.ee\/wp-content\/uploads\/2023\/10\/Screenshot-2023-10-27-at-13.31.06-1024x467.png\" alt=\"\" class=\"wp-image-193\" srcset=\"https:\/\/modeldesign.ee\/wp-content\/uploads\/2023\/10\/Screenshot-2023-10-27-at-13.31.06-1024x467.png 1024w, https:\/\/modeldesign.ee\/wp-content\/uploads\/2023\/10\/Screenshot-2023-10-27-at-13.31.06-300x137.png 300w, https:\/\/modeldesign.ee\/wp-content\/uploads\/2023\/10\/Screenshot-2023-10-27-at-13.31.06-768x350.png 768w, https:\/\/modeldesign.ee\/wp-content\/uploads\/2023\/10\/Screenshot-2023-10-27-at-13.31.06-1536x701.png 1536w, https:\/\/modeldesign.ee\/wp-content\/uploads\/2023\/10\/Screenshot-2023-10-27-at-13.31.06-18x8.png 18w, https:\/\/modeldesign.ee\/wp-content\/uploads\/2023\/10\/Screenshot-2023-10-27-at-13.31.06-830x379.png 830w, https:\/\/modeldesign.ee\/wp-content\/uploads\/2023\/10\/Screenshot-2023-10-27-at-13.31.06-230x105.png 230w, https:\/\/modeldesign.ee\/wp-content\/uploads\/2023\/10\/Screenshot-2023-10-27-at-13.31.06-350x160.png 350w, https:\/\/modeldesign.ee\/wp-content\/uploads\/2023\/10\/Screenshot-2023-10-27-at-13.31.06-480x219.png 480w, https:\/\/modeldesign.ee\/wp-content\/uploads\/2023\/10\/Screenshot-2023-10-27-at-13.31.06.png 1596w\" sizes=\"auto, (max-width: 1024px) 100vw, 1024px\" \/><\/figure>\n\n\n\n<figure class=\"wp-block-image size-large\"><img loading=\"lazy\" decoding=\"async\" width=\"1024\" height=\"835\" data-id=\"205\" src=\"https:\/\/modeldesign.ee\/wp-content\/uploads\/2023\/10\/Screenshot-2023-10-27-at-13.33.08-2-1024x835.png\" alt=\"\" class=\"wp-image-205\" srcset=\"https:\/\/modeldesign.ee\/wp-content\/uploads\/2023\/10\/Screenshot-2023-10-27-at-13.33.08-2-1024x835.png 1024w, https:\/\/modeldesign.ee\/wp-content\/uploads\/2023\/10\/Screenshot-2023-10-27-at-13.33.08-2-300x245.png 300w, https:\/\/modeldesign.ee\/wp-content\/uploads\/2023\/10\/Screenshot-2023-10-27-at-13.33.08-2-768x626.png 768w, https:\/\/modeldesign.ee\/wp-content\/uploads\/2023\/10\/Screenshot-2023-10-27-at-13.33.08-2-1536x1252.png 1536w, https:\/\/modeldesign.ee\/wp-content\/uploads\/2023\/10\/Screenshot-2023-10-27-at-13.33.08-2-15x12.png 15w, https:\/\/modeldesign.ee\/wp-content\/uploads\/2023\/10\/Screenshot-2023-10-27-at-13.33.08-2-830x677.png 830w, https:\/\/modeldesign.ee\/wp-content\/uploads\/2023\/10\/Screenshot-2023-10-27-at-13.33.08-2-230x188.png 230w, https:\/\/modeldesign.ee\/wp-content\/uploads\/2023\/10\/Screenshot-2023-10-27-at-13.33.08-2-350x285.png 350w, https:\/\/modeldesign.ee\/wp-content\/uploads\/2023\/10\/Screenshot-2023-10-27-at-13.33.08-2-480x391.png 480w, https:\/\/modeldesign.ee\/wp-content\/uploads\/2023\/10\/Screenshot-2023-10-27-at-13.33.08-2.png 1592w\" sizes=\"auto, (max-width: 1024px) 100vw, 1024px\" \/><\/figure>\n<\/figure>\n<\/div><\/div>\n<\/div>\n<\/div>\n\n\n\n<h2 class=\"wp-block-heading has-text-align-left has-medium-font-size\" style=\"text-transform:uppercase\">APPROACH<\/h2>\n\n\n\n<p class=\"has-text-align-left\"><strong>Thoughtful engineering solutions<\/strong><\/p>\n\n\n\n<p>Our focus is on structural solutions that support the success of the entire project \u2014 from design phase through construction.<\/p>\n\n\n\n<p>Our solutions:<\/p>\n\n\n\n<ul class=\"wp-block-list\">\n<li>reduce technical and scheduling risks during construction<\/li>\n\n\n\n<li>are practical and buildable in real conditions<\/li>\n\n\n\n<li>comply with applicable regulations and project-specific requirements<\/li>\n\n\n\n<li>support informed and economically sound decision-making<\/li>\n<\/ul>\n\n\n\n<p>We value clear collaboration, professional responsibility, and long-term partnerships.<\/p>\n\n\n\n<p><\/p>","protected":false},"excerpt":{"rendered":"<p>TEENUSED Konstruktiivne projekteerimine, mis toetab kogu ehitusprotsessi Model Design O\u00dc on konstruktiivse projekteerimise b\u00fcroo, mis aitab tellijatel ja projektitiimidel viia keerukad projektid turvaliselt projekteerimisest ehituseni.Meie eesm\u00e4rk ei ole lihtsalt projekt, vaid turvaline ja realiseeritav konstruktsioon. Usaldusv\u00e4\u00e4rne partner keerukate projektide jaoks. Meie teenused K\u00f5ik t\u00f6\u00f6d tehakse vastavalt kehtivatele normidele ja kokkulepitud projekteerimis\u00fclesandele. Projektid L\u00c4HENEMINE L\u00e4bim\u00f5eldud insenerilahendused [&hellip;]<\/p>","protected":false},"author":1,"featured_media":0,"parent":0,"menu_order":1,"comment_status":"closed","ping_status":"closed","template":"","meta":{"_mi_skip_tracking":false,"_exactmetrics_sitenote_active":false,"_exactmetrics_sitenote_note":"","_exactmetrics_sitenote_category":0,"footnotes":""},"class_list":["post-29","page","type-page","status-publish","hentry"],"yoast_head":"<!-- This site is optimized with the Yoast SEO plugin v21.5 - https:\/\/yoast.com\/wordpress\/plugins\/seo\/ -->\n<title>model design model design<\/title>\n<meta name=\"description\" content=\"Model Design, Ehituslik projekteerimine, BIM projekteerimine, Litsenseeritud insenerid\" \/>\n<meta name=\"robots\" content=\"index, follow, max-snippet:-1, max-image-preview:large, max-video-preview:-1\" \/>\n<link rel=\"canonical\" href=\"https:\/\/modeldesign.ee\/en\/\" \/>\n<meta property=\"og:locale\" content=\"en_US\" \/>\n<meta property=\"og:type\" content=\"article\" \/>\n<meta property=\"og:title\" content=\"model design model design\" \/>\n<meta property=\"og:description\" content=\"Model Design, Ehituslik projekteerimine, BIM projekteerimine, Litsenseeritud insenerid\" \/>\n<meta property=\"og:url\" content=\"https:\/\/modeldesign.ee\/en\/\" \/>\n<meta property=\"og:site_name\" content=\"model design\" \/>\n<meta property=\"article:modified_time\" content=\"2026-01-13T19:19:02+00:00\" \/>\n<meta property=\"og:image\" content=\"https:\/\/modeldesign.ee\/wp-content\/uploads\/2023\/10\/Screenshot-2023-10-27-at-13.28.52-1-1024x470.png\" \/>\n<meta name=\"twitter:card\" content=\"summary_large_image\" \/>\n<meta name=\"twitter:label1\" content=\"Est. reading time\" \/>\n\t<meta name=\"twitter:data1\" content=\"3 minutes\" \/>\n<script type=\"application\/ld+json\" class=\"yoast-schema-graph\">{\"@context\":\"https:\/\/schema.org\",\"@graph\":[{\"@type\":\"WebPage\",\"@id\":\"https:\/\/modeldesign.ee\/\",\"url\":\"https:\/\/modeldesign.ee\/\",\"name\":\"model design model design\",\"isPartOf\":{\"@id\":\"https:\/\/modeldesign.ee\/#website\"},\"datePublished\":\"2020-09-17T11:12:45+00:00\",\"dateModified\":\"2026-01-13T19:19:02+00:00\",\"description\":\"Model Design, Ehituslik projekteerimine, BIM projekteerimine, Litsenseeritud insenerid\",\"inLanguage\":\"en-US\",\"potentialAction\":[{\"@type\":\"ReadAction\",\"target\":[\"https:\/\/modeldesign.ee\/\"]}]},{\"@type\":\"WebSite\",\"@id\":\"https:\/\/modeldesign.ee\/#website\",\"url\":\"https:\/\/modeldesign.ee\/\",\"name\":\"model design\",\"description\":\"model design\",\"publisher\":{\"@id\":\"https:\/\/modeldesign.ee\/#organization\"},\"alternateName\":\"modeldesign.ee\",\"potentialAction\":[{\"@type\":\"SearchAction\",\"target\":{\"@type\":\"EntryPoint\",\"urlTemplate\":\"https:\/\/modeldesign.ee\/?s={search_term_string}\"},\"query-input\":\"required name=search_term_string\"}],\"inLanguage\":\"en-US\"},{\"@type\":\"Organization\",\"@id\":\"https:\/\/modeldesign.ee\/#organization\",\"name\":\"Model Design\",\"alternateName\":\"model design\",\"url\":\"https:\/\/modeldesign.ee\/\",\"logo\":{\"@type\":\"ImageObject\",\"inLanguage\":\"en-US\",\"@id\":\"https:\/\/modeldesign.ee\/#\/schema\/logo\/image\/\",\"url\":\"https:\/\/modeldesign.ee\/wp-content\/uploads\/2020\/09\/Untitled-design-14.png\",\"contentUrl\":\"https:\/\/modeldesign.ee\/wp-content\/uploads\/2020\/09\/Untitled-design-14.png\",\"width\":200,\"height\":200,\"caption\":\"Model Design\"},\"image\":{\"@id\":\"https:\/\/modeldesign.ee\/#\/schema\/logo\/image\/\"},\"sameAs\":[\"https:\/\/www.linkedin.com\/in\/sergei-jerofejev-7949b8108\"]}]}<\/script>\n<!-- \/ Yoast SEO plugin. -->","yoast_head_json":{"title":"model design model design","description":"Model Design, Ehituslik projekteerimine, BIM projekteerimine, Litsenseeritud insenerid","robots":{"index":"index","follow":"follow","max-snippet":"max-snippet:-1","max-image-preview":"max-image-preview:large","max-video-preview":"max-video-preview:-1"},"canonical":"https:\/\/modeldesign.ee\/en\/","og_locale":"en_US","og_type":"article","og_title":"model design model design","og_description":"Model Design, Ehituslik projekteerimine, BIM projekteerimine, Litsenseeritud insenerid","og_url":"https:\/\/modeldesign.ee\/en\/","og_site_name":"model design","article_modified_time":"2026-01-13T19:19:02+00:00","og_image":[{"url":"https:\/\/modeldesign.ee\/wp-content\/uploads\/2023\/10\/Screenshot-2023-10-27-at-13.28.52-1-1024x470.png"}],"twitter_card":"summary_large_image","twitter_misc":{"Est. reading time":"3 minutes"},"schema":{"@context":"https:\/\/schema.org","@graph":[{"@type":"WebPage","@id":"https:\/\/modeldesign.ee\/","url":"https:\/\/modeldesign.ee\/","name":"model design model design","isPartOf":{"@id":"https:\/\/modeldesign.ee\/#website"},"datePublished":"2020-09-17T11:12:45+00:00","dateModified":"2026-01-13T19:19:02+00:00","description":"Model Design, Ehituslik projekteerimine, BIM projekteerimine, Litsenseeritud insenerid","inLanguage":"en-US","potentialAction":[{"@type":"ReadAction","target":["https:\/\/modeldesign.ee\/"]}]},{"@type":"WebSite","@id":"https:\/\/modeldesign.ee\/#website","url":"https:\/\/modeldesign.ee\/","name":"model design","description":"model design","publisher":{"@id":"https:\/\/modeldesign.ee\/#organization"},"alternateName":"modeldesign.ee","potentialAction":[{"@type":"SearchAction","target":{"@type":"EntryPoint","urlTemplate":"https:\/\/modeldesign.ee\/?s={search_term_string}"},"query-input":"required name=search_term_string"}],"inLanguage":"en-US"},{"@type":"Organization","@id":"https:\/\/modeldesign.ee\/#organization","name":"Model Design","alternateName":"model design","url":"https:\/\/modeldesign.ee\/","logo":{"@type":"ImageObject","inLanguage":"en-US","@id":"https:\/\/modeldesign.ee\/#\/schema\/logo\/image\/","url":"https:\/\/modeldesign.ee\/wp-content\/uploads\/2020\/09\/Untitled-design-14.png","contentUrl":"https:\/\/modeldesign.ee\/wp-content\/uploads\/2020\/09\/Untitled-design-14.png","width":200,"height":200,"caption":"Model Design"},"image":{"@id":"https:\/\/modeldesign.ee\/#\/schema\/logo\/image\/"},"sameAs":["https:\/\/www.linkedin.com\/in\/sergei-jerofejev-7949b8108"]}]}},"_links":{"self":[{"href":"https:\/\/modeldesign.ee\/en\/wp-json\/wp\/v2\/pages\/29","targetHints":{"allow":["GET"]}}],"collection":[{"href":"https:\/\/modeldesign.ee\/en\/wp-json\/wp\/v2\/pages"}],"about":[{"href":"https:\/\/modeldesign.ee\/en\/wp-json\/wp\/v2\/types\/page"}],"author":[{"embeddable":true,"href":"https:\/\/modeldesign.ee\/en\/wp-json\/wp\/v2\/users\/1"}],"replies":[{"embeddable":true,"href":"https:\/\/modeldesign.ee\/en\/wp-json\/wp\/v2\/comments?post=29"}],"version-history":[{"count":25,"href":"https:\/\/modeldesign.ee\/en\/wp-json\/wp\/v2\/pages\/29\/revisions"}],"predecessor-version":[{"id":235,"href":"https:\/\/modeldesign.ee\/en\/wp-json\/wp\/v2\/pages\/29\/revisions\/235"}],"wp:attachment":[{"href":"https:\/\/modeldesign.ee\/en\/wp-json\/wp\/v2\/media?parent=29"}],"curies":[{"name":"wp","href":"https:\/\/api.w.org\/{rel}","templated":true}]}}